{"id":1767,"date":"2022-11-21T10:26:24","date_gmt":"2022-11-21T15:26:24","guid":{"rendered":"https:\/\/nemaskalithium.enconstruction.website\/?page_id=1767"},"modified":"2025-06-19T11:00:51","modified_gmt":"2025-06-19T15:00:51","slug":"politiques-dutilisation-et-de-confidentialite","status":"publish","type":"page","link":"https:\/\/nemaskalithium.com\/fr\/politiques-dutilisation-et-de-confidentialite\/","title":{"rendered":"Politiques d&rsquo;utilisation et de confidentialit\u00e9"},"content":{"rendered":"[vc_row type=\u00a0\u00bbin_container\u00a0\u00bb full_screen_row_position=\u00a0\u00bbmiddle\u00a0\u00bb column_margin=\u00a0\u00bbdefault\u00a0\u00bb column_direction=\u00a0\u00bbdefault\u00a0\u00bb column_direction_tablet=\u00a0\u00bbdefault\u00a0\u00bb column_direction_phone=\u00a0\u00bbdefault\u00a0\u00bb scene_position=\u00a0\u00bbcenter\u00a0\u00bb top_padding=\u00a0\u00bb120&Prime; bottom_padding=\u00a0\u00bb25&Prime; text_color=\u00a0\u00bbdark\u00a0\u00bb text_align=\u00a0\u00bbleft\u00a0\u00bb row_border_radius=\u00a0\u00bbnone\u00a0\u00bb row_border_radius_applies=\u00a0\u00bbbg\u00a0\u00bb overflow=\u00a0\u00bbvisible\u00a0\u00bb advanced_gradient_angle=\u00a0\u00bb0&Prime; overlay_strength=\u00a0\u00bb0.3&Prime; gradient_direction=\u00a0\u00bbleft_to_right\u00a0\u00bb shape_divider_position=\u00a0\u00bbbottom\u00a0\u00bb bg_image_animation=\u00a0\u00bbnone\u00a0\u00bb gradient_type=\u00a0\u00bbdefault\u00a0\u00bb shape_type=\u00a0\u00bb\u00a0\u00bb][vc_column column_padding=\u00a0\u00bbno-extra-padding\u00a0\u00bb column_padding_tablet=\u00a0\u00bbinherit\u00a0\u00bb column_padding_phone=\u00a0\u00bbinherit\u00a0\u00bb column_padding_position=\u00a0\u00bball\u00a0\u00bb column_element_direction_desktop=\u00a0\u00bbdefault\u00a0\u00bb column_element_spacing=\u00a0\u00bbdefault\u00a0\u00bb desktop_text_alignment=\u00a0\u00bbdefault\u00a0\u00bb tablet_text_alignment=\u00a0\u00bbdefault\u00a0\u00bb phone_text_alignment=\u00a0\u00bbdefault\u00a0\u00bb background_color_opacity=\u00a0\u00bb1&Prime; background_hover_color_opacity=\u00a0\u00bb1&Prime; column_backdrop_filter=\u00a0\u00bbnone\u00a0\u00bb column_shadow=\u00a0\u00bbnone\u00a0\u00bb column_border_radius=\u00a0\u00bbnone\u00a0\u00bb column_link_target=\u00a0\u00bb_self\u00a0\u00bb column_position=\u00a0\u00bbdefault\u00a0\u00bb gradient_direction=\u00a0\u00bbleft_to_right\u00a0\u00bb overlay_strength=\u00a0\u00bb0.3&Prime; width=\u00a0\u00bb1\/1&Prime; tablet_width_inherit=\u00a0\u00bbdefault\u00a0\u00bb animation_type=\u00a0\u00bbdefault\u00a0\u00bb bg_image_animation=\u00a0\u00bbnone\u00a0\u00bb border_type=\u00a0\u00bbsimple\u00a0\u00bb column_border_width=\u00a0\u00bbnone\u00a0\u00bb column_border_style=\u00a0\u00bbsolid\u00a0\u00bb][vc_column_text]\n<h3>Conditions d\u2019utilisation et confidentialit\u00e9<\/h3>\n<p>Les usagers qui visitent et utilisent le contenu du site internet Nemaska Lithium, h\u00e9berg\u00e9 au Qu\u00e9bec, Canada, acceptent automatiquement toutes les conditions d\u2019utilisation ci-dessous. Ces politiques d\u2019utilisation et de confidentialit\u00e9 peuvent \u00eatre modifi\u00e9es \u00e0 tout moment et il incombe \u00e0 l\u2019utilisateur d\u2019en prendre connaissance. Les pr\u00e9sentes conditions sont r\u00e9gies par les lois du Qu\u00e9bec et du Canada qui s\u2019y appliquent.<\/p>\n<p><strong><u>Cookie<\/u><\/strong><\/p>\n<p>Cette politique relative aux cookies explique ce que sont les cookies et comment nous les utilisons. Vous devez lire cette politique pour comprendre ce que sont les cookies, comment nous les utilisons, les types de cookies que nous utilisons, c&rsquo;est-\u00e0-dire les informations que nous collectons \u00e0 l&rsquo;aide de cookies et comment ces informations sont utilis\u00e9es et comment contr\u00f4ler les pr\u00e9f\u00e9rences des cookies.<\/p>\n<p>Les cookies sont de petits fichiers texte qui sont utilis\u00e9s pour stocker de petites informations. Les cookies sont stock\u00e9s sur votre appareil lorsque le site Web est charg\u00e9 sur votre navigateur. Ces cookies nous aident \u00e0 faire fonctionner correctement le site Web, \u00e0 le rendre plus s\u00e9curis\u00e9, \u00e0 offrir une meilleure exp\u00e9rience utilisateur et \u00e0 comprendre comment le site Web fonctionne et \u00e0 analyser ce qui fonctionne et o\u00f9 il doit \u00eatre am\u00e9lior\u00e9.<\/p>\n<p>Comme la plupart des services en ligne, notre site Web utilise des cookies internes et des cookies tiers \u00e0 plusieurs fins. Les cookies propri\u00e9taires sont principalement n\u00e9cessaires au bon fonctionnement du site Web et ne collectent aucune de vos donn\u00e9es personnelles identifiables.<\/p>\n<p>Les cookies tiers utilis\u00e9s sur nos sites Web sont principalement utilis\u00e9s pour comprendre comment le site Web fonctionne, comment vous interagissez avec notre site Web, assurer la s\u00e9curit\u00e9 de nos services, fournir des publicit\u00e9s qui vous int\u00e9ressent et, dans l&rsquo;ensemble, vous fournir un meilleur et am\u00e9lior\u00e9 l&rsquo;exp\u00e9rience utilisateur et aider \u00e0 acc\u00e9l\u00e9rer vos futures interactions avec notre site Web.<\/p>\n<p>Vous pouvez \u00e0 tout moment modifier ou retirer votre consentement \u00e0 la d\u00e9claration relative aux cookies sur notre site Web.<\/p>\n<p><strong><u>\u00a0<\/u><\/strong><\/p>\n<p><strong><u>Confidentialit\u00e9<\/u><\/strong><\/p>\n<p>En naviguant sur ce site, vous acceptez l\u2019utilisation d\u2019un ou plusieurs t\u00e9moin(s) ou cookie(s) pour les informations de session et de r\u00e9f\u00e9rencement. Aucune information priv\u00e9e n\u2019est conserv\u00e9e sauf lors d\u2019un achat en ligne.<\/p>\n<p>Vous devez vous assurer d\u2019activer la technologie JavaScript de votre fureteur afin d\u2019acc\u00e9der \u00e0 toutes les fonctionnalit\u00e9s offertes par Nemaska Lithium.<\/p>\n<p>Nous utilisons Google Analytics afin de g\u00e9n\u00e9rer des statistiques g\u00e9n\u00e9rales sur l\u2019acc\u00e8s et la navigation sur le site. En utilisant ce site, vous acceptez les conditions d\u2019utilisation g\u00e9n\u00e9rale de\u00a0<a href=\"http:\/\/www.google.com\/analytics\">Google Analytics<\/a>.<\/p>\n<p>&nbsp;<\/p>\n<p>Malgr\u00e9 les mesures d\u00e9crites ci-dessus, aucune m\u00e9thode de transmission ou de stockage de donn\u00e9es n\u2019est parfaitement s\u00e9curis\u00e9e ni exempte d\u2019erreur. Nous ne pouvons donc malheureusement pas garantir une s\u00e9curit\u00e9 absolue. Si vous avez des raisons de penser que votre interaction avec nous n\u2019est plus s\u00e9curis\u00e9e (par exemple, si vous estimez que la s\u00e9curit\u00e9 des donn\u00e9es que vous nous avez fournies a \u00e9t\u00e9 compromise), veuillez nous contacter imm\u00e9diatement en utilisant nos coordonn\u00e9es ci-dessous.<\/p>\n<p>Nous utiliserons, divulguerons ou conserverons vos renseignements personnels uniquement le temps n\u00e9cessaire \u00e0 la r\u00e9alisation des objectifs pour lesquels ces donn\u00e9es ont \u00e9t\u00e9 collect\u00e9es et dans la mesure permise ou requise par la loi.<\/p>\n<p>&nbsp;<\/p>\n<p><strong>Liens vers d\u2019autres sites<\/strong><\/p>\n<p>Notre site contient des hyperliens vers d&rsquo;autres sites pertinents. Il est \u00e0 noter que notre politique de confidentialit\u00e9 ne s&rsquo;applique que sur les sites appartenant \u00e0 Nemaska Lithium.<\/p>\n<p>&nbsp;<\/p>\n<p><strong>Modifications<\/strong><\/p>\n<p>Nous pouvons modifier cette politique de confidentialit\u00e9 pour notamment maintenir notre conformit\u00e9 \u00e0 la loi ou pour tenir compte de tout changement \u00e0 nos pratiques en mati\u00e8re de collecte de renseignements personnels. Dans ce cas, la nouvelle politique sera imm\u00e9diatement applicable d\u00e8s sa publication sur notre site o\u00f9 une notification y sera affich\u00e9e. En nous soumettant vos renseignements personnels, en vous inscrivant ou en continuant d\u2019utiliser nos services apr\u00e8s cette publication, vous acceptez cette nouvelle politique.<\/p>\n<p>&nbsp;<\/p>\n<p><strong><u>Droits d\u2019auteur et de reproduction<\/u><\/strong><\/p>\n<p>\u00c0 moins d\u2019avis contraire, il est absolument interdit de reproduire le contenu de ce site, en totalit\u00e9 ou en partie, \u00e0 des fins de diffusion commerciale sans avoir obtenu au pr\u00e9alable la permission \u00e9crite de Nemaska Lithium.<\/p>\n<p>Tout le contenu du pr\u00e9sent site, incluant la structure du site, les documents t\u00e9l\u00e9chargeables, images, textes, logos, constituent une \u0153uvre prot\u00e9g\u00e9e par les dispositions de la Lois sur le droit d\u2019auteur et de la propri\u00e9t\u00e9 intellectuelle, par les lois, politiques et r\u00e8glements du Canada.[\/vc_column_text][\/vc_column][\/vc_row][vc_row type=\u00a0\u00bbin_container\u00a0\u00bb full_screen_row_position=\u00a0\u00bbmiddle\u00a0\u00bb column_margin=\u00a0\u00bbdefault\u00a0\u00bb column_direction=\u00a0\u00bbdefault\u00a0\u00bb column_direction_tablet=\u00a0\u00bbdefault\u00a0\u00bb column_direction_phone=\u00a0\u00bbdefault\u00a0\u00bb scene_position=\u00a0\u00bbcenter\u00a0\u00bb top_padding=\u00a0\u00bb25&Prime; bottom_padding=\u00a0\u00bb25&Prime; text_color=\u00a0\u00bbdark\u00a0\u00bb text_align=\u00a0\u00bbleft\u00a0\u00bb row_border_radius=\u00a0\u00bbnone\u00a0\u00bb row_border_radius_applies=\u00a0\u00bbbg\u00a0\u00bb overflow=\u00a0\u00bbvisible\u00a0\u00bb advanced_gradient_angle=\u00a0\u00bb0&Prime; overlay_strength=\u00a0\u00bb0.3&Prime; gradient_direction=\u00a0\u00bbleft_to_right\u00a0\u00bb shape_divider_position=\u00a0\u00bbbottom\u00a0\u00bb bg_image_animation=\u00a0\u00bbnone\u00a0\u00bb gradient_type=\u00a0\u00bbdefault\u00a0\u00bb shape_type=\u00a0\u00bb\u00a0\u00bb][vc_column column_padding=\u00a0\u00bbno-extra-padding\u00a0\u00bb column_padding_tablet=\u00a0\u00bbinherit\u00a0\u00bb column_padding_phone=\u00a0\u00bbinherit\u00a0\u00bb column_padding_position=\u00a0\u00bball\u00a0\u00bb column_element_direction_desktop=\u00a0\u00bbdefault\u00a0\u00bb column_element_spacing=\u00a0\u00bbdefault\u00a0\u00bb desktop_text_alignment=\u00a0\u00bbdefault\u00a0\u00bb tablet_text_alignment=\u00a0\u00bbdefault\u00a0\u00bb phone_text_alignment=\u00a0\u00bbdefault\u00a0\u00bb background_color_opacity=\u00a0\u00bb1&Prime; background_hover_color_opacity=\u00a0\u00bb1&Prime; column_backdrop_filter=\u00a0\u00bbnone\u00a0\u00bb column_shadow=\u00a0\u00bbnone\u00a0\u00bb column_border_radius=\u00a0\u00bbnone\u00a0\u00bb column_link_target=\u00a0\u00bb_self\u00a0\u00bb column_position=\u00a0\u00bbdefault\u00a0\u00bb gradient_direction=\u00a0\u00bbleft_to_right\u00a0\u00bb overlay_strength=\u00a0\u00bb0.3&Prime; width=\u00a0\u00bb1\/1&Prime; tablet_width_inherit=\u00a0\u00bbdefault\u00a0\u00bb animation_type=\u00a0\u00bbdefault\u00a0\u00bb bg_image_animation=\u00a0\u00bbnone\u00a0\u00bb border_type=\u00a0\u00bbsimple\u00a0\u00bb column_border_width=\u00a0\u00bbnone\u00a0\u00bb column_border_style=\u00a0\u00bbsolid\u00a0\u00bb][vc_column_text]<strong>\u00c9galit\u00e9 d&rsquo;acc\u00e8s \u00e0 l&#8217;emploi<\/strong><\/p>\n<p>Nemaska Lithium s&rsquo;engage \u00e0 offrir des opportunit\u00e9s d&#8217;emploi \u00e9gales \u00e0 tous les employ\u00e9s et candidats.[\/vc_column_text][\/vc_column][\/vc_row][vc_row type=\u00a0\u00bbin_container\u00a0\u00bb full_screen_row_position=\u00a0\u00bbmiddle\u00a0\u00bb column_margin=\u00a0\u00bbdefault\u00a0\u00bb column_direction=\u00a0\u00bbdefault\u00a0\u00bb column_direction_tablet=\u00a0\u00bbdefault\u00a0\u00bb column_direction_phone=\u00a0\u00bbdefault\u00a0\u00bb scene_position=\u00a0\u00bbcenter\u00a0\u00bb top_padding=\u00a0\u00bb25&Prime; bottom_padding=\u00a0\u00bb25&Prime; text_color=\u00a0\u00bbdark\u00a0\u00bb text_align=\u00a0\u00bbleft\u00a0\u00bb row_border_radius=\u00a0\u00bbnone\u00a0\u00bb row_border_radius_applies=\u00a0\u00bbbg\u00a0\u00bb overflow=\u00a0\u00bbvisible\u00a0\u00bb advanced_gradient_angle=\u00a0\u00bb0&Prime; overlay_strength=\u00a0\u00bb0.3&Prime; gradient_direction=\u00a0\u00bbleft_to_right\u00a0\u00bb shape_divider_position=\u00a0\u00bbbottom\u00a0\u00bb bg_image_animation=\u00a0\u00bbnone\u00a0\u00bb gradient_type=\u00a0\u00bbdefault\u00a0\u00bb shape_type=\u00a0\u00bb\u00a0\u00bb][vc_column column_padding=\u00a0\u00bbno-extra-padding\u00a0\u00bb column_padding_tablet=\u00a0\u00bbinherit\u00a0\u00bb column_padding_phone=\u00a0\u00bbinherit\u00a0\u00bb column_padding_position=\u00a0\u00bball\u00a0\u00bb column_element_direction_desktop=\u00a0\u00bbdefault\u00a0\u00bb column_element_spacing=\u00a0\u00bbdefault\u00a0\u00bb desktop_text_alignment=\u00a0\u00bbdefault\u00a0\u00bb tablet_text_alignment=\u00a0\u00bbdefault\u00a0\u00bb phone_text_alignment=\u00a0\u00bbdefault\u00a0\u00bb background_color_opacity=\u00a0\u00bb1&Prime; background_hover_color_opacity=\u00a0\u00bb1&Prime; column_backdrop_filter=\u00a0\u00bbnone\u00a0\u00bb column_shadow=\u00a0\u00bbnone\u00a0\u00bb column_border_radius=\u00a0\u00bbnone\u00a0\u00bb column_link_target=\u00a0\u00bb_self\u00a0\u00bb column_position=\u00a0\u00bbdefault\u00a0\u00bb gradient_direction=\u00a0\u00bbleft_to_right\u00a0\u00bb overlay_strength=\u00a0\u00bb0.3&Prime; width=\u00a0\u00bb1\/1&Prime; tablet_width_inherit=\u00a0\u00bbdefault\u00a0\u00bb animation_type=\u00a0\u00bbdefault\u00a0\u00bb bg_image_animation=\u00a0\u00bbnone\u00a0\u00bb border_type=\u00a0\u00bbsimple\u00a0\u00bb column_border_width=\u00a0\u00bbnone\u00a0\u00bb column_border_style=\u00a0\u00bbsolid\u00a0\u00bb][vc_column_text]<strong>reCAPTCHA prot\u00e8ge notre site Web contre la fraude et les abus.<\/strong><\/p>\n<p>reCAPTCHA utilise un moteur d&rsquo;analyse des risques avanc\u00e9 et des d\u00e9fis adaptatifs pour emp\u00eacher les logiciels malveillants de se livrer \u00e0 des activit\u00e9s abusives sur votre site Web. Pendant ce temps, les utilisateurs l\u00e9gitimes pourront se connecter, effectuer des achats, afficher des pages ou cr\u00e9er des comptes et les faux utilisateurs seront bloqu\u00e9s. Voyez les <a href=\"https:\/\/policies.google.com\/terms?hl=fr\">conditions d&rsquo;utilisations<\/a> et les<a href=\"https:\/\/policies.google.com\/privacy?hl=fr\"> r\u00e8gles de confidentialit\u00e9<\/a>.[\/vc_column_text][\/vc_column][\/vc_row]\n","protected":false},"excerpt":{"rendered":"<p>[vc_row type=\u00a0\u00bbin_container\u00a0\u00bb full_screen_row_position=\u00a0\u00bbmiddle\u00a0\u00bb column_margin=\u00a0\u00bbdefault\u00a0\u00bb column_direction=\u00a0\u00bbdefault\u00a0\u00bb column_direction_tablet=\u00a0\u00bbdefault\u00a0\u00bb column_direction_phone=\u00a0\u00bbdefault\u00a0\u00bb scene_position=\u00a0\u00bbcenter\u00a0\u00bb top_padding=\u00a0\u00bb120&Prime; bottom_padding=\u00a0\u00bb25&Prime; text_color=\u00a0\u00bbdark\u00a0\u00bb text_align=\u00a0\u00bbleft\u00a0\u00bb row_border_radius=\u00a0\u00bbnone\u00a0\u00bb row_border_radius_applies=\u00a0\u00bbbg\u00a0\u00bb overflow=\u00a0\u00bbvisible\u00a0\u00bb advanced_gradient_angle=\u00a0\u00bb0&Prime; overlay_strength=\u00a0\u00bb0.3&Prime; gradient_direction=\u00a0\u00bbleft_to_right\u00a0\u00bb shape_divider_position=\u00a0\u00bbbottom\u00a0\u00bb bg_image_animation=\u00a0\u00bbnone\u00a0\u00bb gradient_type=\u00a0\u00bbdefault\u00a0\u00bb shape_type=\u00a0\u00bb\u00a0\u00bb][vc_column column_padding=\u00a0\u00bbno-extra-padding\u00a0\u00bb column_padding_tablet=\u00a0\u00bbinherit\u00a0\u00bb column_padding_phone=\u00a0\u00bbinherit\u00a0\u00bb column_padding_position=\u00a0\u00bball\u00a0\u00bb column_element_direction_desktop=\u00a0\u00bbdefault\u00a0\u00bb column_element_spacing=\u00a0\u00bbdefault\u00a0\u00bb desktop_text_alignment=\u00a0\u00bbdefault\u00a0\u00bb tablet_text_alignment=\u00a0\u00bbdefault\u00a0\u00bb&#8230;<\/p>\n","protected":false},"author":2,"featured_media":0,"parent":0,"menu_order":0,"comment_status":"closed","ping_status":"closed","template":"","meta":{"_acf_changed":false,"inline_featured_image":false,"footnotes":""},"class_list":["post-1767","page","type-page","status-publish"],"acf":[],"yoast_head":"<!-- This site is optimized with the Yoast SEO plugin v27.1.1 - https:\/\/yoast.com\/product\/yoast-seo-wordpress\/ -->\n<title>Politiques d&#039;utilisation et de confidentialit\u00e9 - Nemaska Lithium<\/title>\n<meta name=\"robots\" content=\"index, follow, max-snippet:-1, max-image-preview:large, max-video-preview:-1\" \/>\n<link rel=\"canonical\" href=\"https:\/\/nemaskalithium.com\/fr\/politiques-dutilisation-et-de-confidentialite\/\" \/>\n<meta property=\"og:locale\" content=\"fr_CA\" \/>\n<meta property=\"og:type\" content=\"article\" \/>\n<meta property=\"og:title\" content=\"Politiques d&#039;utilisation et de confidentialit\u00e9 - Nemaska Lithium\" \/>\n<meta property=\"og:description\" content=\"[vc_row type=\u00a0\u00bbin_container\u00a0\u00bb full_screen_row_position=\u00a0\u00bbmiddle\u00a0\u00bb column_margin=\u00a0\u00bbdefault\u00a0\u00bb column_direction=\u00a0\u00bbdefault\u00a0\u00bb column_direction_tablet=\u00a0\u00bbdefault\u00a0\u00bb column_direction_phone=\u00a0\u00bbdefault\u00a0\u00bb scene_position=\u00a0\u00bbcenter\u00a0\u00bb top_padding=\u00a0\u00bb120&Prime; bottom_padding=\u00a0\u00bb25&Prime; text_color=\u00a0\u00bbdark\u00a0\u00bb text_align=\u00a0\u00bbleft\u00a0\u00bb row_border_radius=\u00a0\u00bbnone\u00a0\u00bb row_border_radius_applies=\u00a0\u00bbbg\u00a0\u00bb overflow=\u00a0\u00bbvisible\u00a0\u00bb advanced_gradient_angle=\u00a0\u00bb0&Prime; overlay_strength=\u00a0\u00bb0.3&Prime; gradient_direction=\u00a0\u00bbleft_to_right\u00a0\u00bb shape_divider_position=\u00a0\u00bbbottom\u00a0\u00bb bg_image_animation=\u00a0\u00bbnone\u00a0\u00bb gradient_type=\u00a0\u00bbdefault\u00a0\u00bb shape_type=\u00a0\u00bb\u00a0\u00bb][vc_column column_padding=\u00a0\u00bbno-extra-padding\u00a0\u00bb column_padding_tablet=\u00a0\u00bbinherit\u00a0\u00bb column_padding_phone=\u00a0\u00bbinherit\u00a0\u00bb column_padding_position=\u00a0\u00bball\u00a0\u00bb column_element_direction_desktop=\u00a0\u00bbdefault\u00a0\u00bb column_element_spacing=\u00a0\u00bbdefault\u00a0\u00bb desktop_text_alignment=\u00a0\u00bbdefault\u00a0\u00bb tablet_text_alignment=\u00a0\u00bbdefault\u00a0\u00bb...\" \/>\n<meta property=\"og:url\" content=\"https:\/\/nemaskalithium.com\/fr\/politiques-dutilisation-et-de-confidentialite\/\" \/>\n<meta property=\"og:site_name\" content=\"Nemaska Lithium\" \/>\n<meta property=\"article:modified_time\" content=\"2025-06-19T15:00:51+00:00\" \/>\n<meta property=\"og:image\" content=\"https:\/\/nemaskalithium.com\/wp-content\/uploads\/2022\/11\/nemaska-videoplaceholder.jpg\" \/>\n\t<meta property=\"og:image:width\" content=\"1920\" \/>\n\t<meta property=\"og:image:height\" content=\"985\" \/>\n\t<meta property=\"og:image:type\" content=\"image\/jpeg\" \/>\n<meta name=\"twitter:card\" content=\"summary_large_image\" \/>\n<meta name=\"twitter:label1\" content=\"Estimation du temps de lecture\" \/>\n\t<meta name=\"twitter:data1\" content=\"5 minutes\" \/>\n<script type=\"application\/ld+json\" class=\"yoast-schema-graph\">{\"@context\":\"https:\/\/schema.org\",\"@graph\":[{\"@type\":\"WebPage\",\"@id\":\"https:\/\/nemaskalithium.com\/fr\/politiques-dutilisation-et-de-confidentialite\/\",\"url\":\"https:\/\/nemaskalithium.com\/fr\/politiques-dutilisation-et-de-confidentialite\/\",\"name\":\"Politiques d'utilisation et de confidentialit\u00e9 - Nemaska Lithium\",\"isPartOf\":{\"@id\":\"https:\/\/nemaskalithium.com\/fr\/#website\"},\"datePublished\":\"2022-11-21T15:26:24+00:00\",\"dateModified\":\"2025-06-19T15:00:51+00:00\",\"breadcrumb\":{\"@id\":\"https:\/\/nemaskalithium.com\/fr\/politiques-dutilisation-et-de-confidentialite\/#breadcrumb\"},\"inLanguage\":\"fr-CA\",\"potentialAction\":[{\"@type\":\"ReadAction\",\"target\":[\"https:\/\/nemaskalithium.com\/fr\/politiques-dutilisation-et-de-confidentialite\/\"]}]},{\"@type\":\"BreadcrumbList\",\"@id\":\"https:\/\/nemaskalithium.com\/fr\/politiques-dutilisation-et-de-confidentialite\/#breadcrumb\",\"itemListElement\":[{\"@type\":\"ListItem\",\"position\":1,\"name\":\"Accueil\",\"item\":\"https:\/\/nemaskalithium.com\/fr\/\"},{\"@type\":\"ListItem\",\"position\":2,\"name\":\"Politiques d&rsquo;utilisation et de confidentialit\u00e9\"}]},{\"@type\":\"WebSite\",\"@id\":\"https:\/\/nemaskalithium.com\/fr\/#website\",\"url\":\"https:\/\/nemaskalithium.com\/fr\/\",\"name\":\"Nemaska Lithium\",\"description\":\"Propulser un avenir plus propre, sain et durable\",\"potentialAction\":[{\"@type\":\"SearchAction\",\"target\":{\"@type\":\"EntryPoint\",\"urlTemplate\":\"https:\/\/nemaskalithium.com\/fr\/?s={search_term_string}\"},\"query-input\":{\"@type\":\"PropertyValueSpecification\",\"valueRequired\":true,\"valueName\":\"search_term_string\"}}],\"inLanguage\":\"fr-CA\"}]}<\/script>\n<!-- \/ Yoast SEO plugin. -->","yoast_head_json":{"title":"Politiques d'utilisation et de confidentialit\u00e9 - Nemaska Lithium","robots":{"index":"index","follow":"follow","max-snippet":"max-snippet:-1","max-image-preview":"max-image-preview:large","max-video-preview":"max-video-preview:-1"},"canonical":"https:\/\/nemaskalithium.com\/fr\/politiques-dutilisation-et-de-confidentialite\/","og_locale":"fr_CA","og_type":"article","og_title":"Politiques d'utilisation et de confidentialit\u00e9 - Nemaska Lithium","og_description":"[vc_row type=\u00a0\u00bbin_container\u00a0\u00bb full_screen_row_position=\u00a0\u00bbmiddle\u00a0\u00bb column_margin=\u00a0\u00bbdefault\u00a0\u00bb column_direction=\u00a0\u00bbdefault\u00a0\u00bb column_direction_tablet=\u00a0\u00bbdefault\u00a0\u00bb column_direction_phone=\u00a0\u00bbdefault\u00a0\u00bb scene_position=\u00a0\u00bbcenter\u00a0\u00bb top_padding=\u00a0\u00bb120&Prime; bottom_padding=\u00a0\u00bb25&Prime; text_color=\u00a0\u00bbdark\u00a0\u00bb text_align=\u00a0\u00bbleft\u00a0\u00bb row_border_radius=\u00a0\u00bbnone\u00a0\u00bb row_border_radius_applies=\u00a0\u00bbbg\u00a0\u00bb overflow=\u00a0\u00bbvisible\u00a0\u00bb advanced_gradient_angle=\u00a0\u00bb0&Prime; overlay_strength=\u00a0\u00bb0.3&Prime; gradient_direction=\u00a0\u00bbleft_to_right\u00a0\u00bb shape_divider_position=\u00a0\u00bbbottom\u00a0\u00bb bg_image_animation=\u00a0\u00bbnone\u00a0\u00bb gradient_type=\u00a0\u00bbdefault\u00a0\u00bb shape_type=\u00a0\u00bb\u00a0\u00bb][vc_column column_padding=\u00a0\u00bbno-extra-padding\u00a0\u00bb column_padding_tablet=\u00a0\u00bbinherit\u00a0\u00bb column_padding_phone=\u00a0\u00bbinherit\u00a0\u00bb column_padding_position=\u00a0\u00bball\u00a0\u00bb column_element_direction_desktop=\u00a0\u00bbdefault\u00a0\u00bb column_element_spacing=\u00a0\u00bbdefault\u00a0\u00bb desktop_text_alignment=\u00a0\u00bbdefault\u00a0\u00bb tablet_text_alignment=\u00a0\u00bbdefault\u00a0\u00bb...","og_url":"https:\/\/nemaskalithium.com\/fr\/politiques-dutilisation-et-de-confidentialite\/","og_site_name":"Nemaska Lithium","article_modified_time":"2025-06-19T15:00:51+00:00","og_image":[{"width":1920,"height":985,"url":"https:\/\/nemaskalithium.com\/wp-content\/uploads\/2022\/11\/nemaska-videoplaceholder.jpg","type":"image\/jpeg"}],"twitter_card":"summary_large_image","twitter_misc":{"Estimation du temps de lecture":"5 minutes"},"schema":{"@context":"https:\/\/schema.org","@graph":[{"@type":"WebPage","@id":"https:\/\/nemaskalithium.com\/fr\/politiques-dutilisation-et-de-confidentialite\/","url":"https:\/\/nemaskalithium.com\/fr\/politiques-dutilisation-et-de-confidentialite\/","name":"Politiques d'utilisation et de confidentialit\u00e9 - Nemaska Lithium","isPartOf":{"@id":"https:\/\/nemaskalithium.com\/fr\/#website"},"datePublished":"2022-11-21T15:26:24+00:00","dateModified":"2025-06-19T15:00:51+00:00","breadcrumb":{"@id":"https:\/\/nemaskalithium.com\/fr\/politiques-dutilisation-et-de-confidentialite\/#breadcrumb"},"inLanguage":"fr-CA","potentialAction":[{"@type":"ReadAction","target":["https:\/\/nemaskalithium.com\/fr\/politiques-dutilisation-et-de-confidentialite\/"]}]},{"@type":"BreadcrumbList","@id":"https:\/\/nemaskalithium.com\/fr\/politiques-dutilisation-et-de-confidentialite\/#breadcrumb","itemListElement":[{"@type":"ListItem","position":1,"name":"Accueil","item":"https:\/\/nemaskalithium.com\/fr\/"},{"@type":"ListItem","position":2,"name":"Politiques d&rsquo;utilisation et de confidentialit\u00e9"}]},{"@type":"WebSite","@id":"https:\/\/nemaskalithium.com\/fr\/#website","url":"https:\/\/nemaskalithium.com\/fr\/","name":"Nemaska Lithium","description":"Propulser un avenir plus propre, sain et durable","potentialAction":[{"@type":"SearchAction","target":{"@type":"EntryPoint","urlTemplate":"https:\/\/nemaskalithium.com\/fr\/?s={search_term_string}"},"query-input":{"@type":"PropertyValueSpecification","valueRequired":true,"valueName":"search_term_string"}}],"inLanguage":"fr-CA"}]}},"_links":{"self":[{"href":"https:\/\/nemaskalithium.com\/fr\/wp-json\/wp\/v2\/pages\/1767","targetHints":{"allow":["GET"]}}],"collection":[{"href":"https:\/\/nemaskalithium.com\/fr\/wp-json\/wp\/v2\/pages"}],"about":[{"href":"https:\/\/nemaskalithium.com\/fr\/wp-json\/wp\/v2\/types\/page"}],"author":[{"embeddable":true,"href":"https:\/\/nemaskalithium.com\/fr\/wp-json\/wp\/v2\/users\/2"}],"replies":[{"embeddable":true,"href":"https:\/\/nemaskalithium.com\/fr\/wp-json\/wp\/v2\/comments?post=1767"}],"version-history":[{"count":5,"href":"https:\/\/nemaskalithium.com\/fr\/wp-json\/wp\/v2\/pages\/1767\/revisions"}],"predecessor-version":[{"id":2806,"href":"https:\/\/nemaskalithium.com\/fr\/wp-json\/wp\/v2\/pages\/1767\/revisions\/2806"}],"wp:attachment":[{"href":"https:\/\/nemaskalithium.com\/fr\/wp-json\/wp\/v2\/media?parent=1767"}],"curies":[{"name":"wp","href":"https:\/\/api.w.org\/{rel}","templated":true}]}}